{"id":3899,"date":"2025-08-30T23:36:51","date_gmt":"2025-08-30T21:36:51","guid":{"rendered":"https:\/\/abolgassemi.fr\/?page_id=3899"},"modified":"2025-09-01T10:32:43","modified_gmt":"2025-09-01T08:32:43","slug":"tribune-sur-lia","status":"publish","type":"page","link":"https:\/\/abolgassemi.fr\/index.php\/tribune-sur-lia\/","title":{"rendered":"tribune sur l&rsquo;IA"},"content":{"rendered":"\n<figure class=\"wp-block-image size-large\"><img fetchpriority=\"high\" decoding=\"async\" width=\"1020\" height=\"494\" data-attachment-id=\"3937\" data-permalink=\"https:\/\/abolgassemi.fr\/index.php\/tribune-sur-lia\/capture-decran-2025-09-01-a-10-21-02-2\/\" data-orig-file=\"https:\/\/abolgassemi.fr\/wp-content\/uploads\/Capture-decran-2025-09-01-a-10.21.02-1.png\" data-orig-size=\"1578,764\" data-comments-opened=\"0\" data-image-meta=\"{&quot;aperture&quot;:&quot;0&quot;,&quot;credit&quot;:&quot;&quot;,&quot;camera&quot;:&quot;&quot;,&quot;caption&quot;:&quot;&quot;,&quot;created_timestamp&quot;:&quot;0&quot;,&quot;copyright&quot;:&quot;&quot;,&quot;focal_length&quot;:&quot;0&quot;,&quot;iso&quot;:&quot;0&quot;,&quot;shutter_speed&quot;:&quot;0&quot;,&quot;title&quot;:&quot;&quot;,&quot;orientation&quot;:&quot;0&quot;}\" data-image-title=\"Capture d\u2019\u00e9cran 2025-09-01 \u00e0 10.21.02\" data-image-description=\"\" data-image-caption=\"\" data-medium-file=\"https:\/\/abolgassemi.fr\/wp-content\/uploads\/Capture-decran-2025-09-01-a-10.21.02-1-632x306.png\" data-large-file=\"https:\/\/abolgassemi.fr\/wp-content\/uploads\/Capture-decran-2025-09-01-a-10.21.02-1-1020x494.png\" src=\"https:\/\/abolgassemi.fr\/wp-content\/uploads\/Capture-decran-2025-09-01-a-10.21.02-1-1020x494.png\" alt=\"\" class=\"wp-image-3937\" srcset=\"https:\/\/abolgassemi.fr\/wp-content\/uploads\/Capture-decran-2025-09-01-a-10.21.02-1-1020x494.png 1020w, https:\/\/abolgassemi.fr\/wp-content\/uploads\/Capture-decran-2025-09-01-a-10.21.02-1-632x306.png 632w, https:\/\/abolgassemi.fr\/wp-content\/uploads\/Capture-decran-2025-09-01-a-10.21.02-1-768x372.png 768w, https:\/\/abolgassemi.fr\/wp-content\/uploads\/Capture-decran-2025-09-01-a-10.21.02-1-1536x744.png 1536w, https:\/\/abolgassemi.fr\/wp-content\/uploads\/Capture-decran-2025-09-01-a-10.21.02-1.png 1578w\" sizes=\"(max-width: 1020px) 100vw, 1020px\" \/><\/figure>\n\n\n<style>.wp-block-kadence-advancedheading.kt-adv-heading3899_12f9a4-0d, .wp-block-kadence-advancedheading.kt-adv-heading3899_12f9a4-0d[data-kb-block=\"kb-adv-heading3899_12f9a4-0d\"]{font-style:normal;}.wp-block-kadence-advancedheading.kt-adv-heading3899_12f9a4-0d mark.kt-highlight, .wp-block-kadence-advancedheading.kt-adv-heading3899_12f9a4-0d[data-kb-block=\"kb-adv-heading3899_12f9a4-0d\"] mark.kt-highlight{font-style:normal;color:#f76a0c;-webkit-box-decoration-break:clone;box-decoration-break:clone;padding-top:0px;padding-right:0px;padding-bottom:0px;padding-left:0px;}.wp-block-kadence-advancedheading.kt-adv-heading3899_12f9a4-0d img.kb-inline-image, .wp-block-kadence-advancedheading.kt-adv-heading3899_12f9a4-0d[data-kb-block=\"kb-adv-heading3899_12f9a4-0d\"] img.kb-inline-image{width:150px;vertical-align:baseline;}<\/style>\n<h5 class=\"kt-adv-heading3899_12f9a4-0d wp-block-kadence-advancedheading\" data-kb-block=\"kb-adv-heading3899_12f9a4-0d\">Comment le syst\u00e8me \u00e9ducatif peut-il tenir encore la barre face au raz de mar\u00e9e des intelligences artificielles (IA) g\u00e9n\u00e9ratives en langage naturel (LLM) comme Le&nbsp;Chat ou ChatGPT&nbsp;? Quand la version GPT-5.0, d\u00e9voil\u00e9e le 7&nbsp;ao\u00fbt, exhibe un mode d\u2019\u00e9change appel\u00e9&nbsp;<em>\u00ab&nbsp;Prof p\u00e9dago&nbsp;\u00bb<\/em>&nbsp;qui fleure bon l\u2019euph\u00e9misme pour&nbsp;<em>\u00ab&nbsp;laisse-moi faire tes devoirs&nbsp;\u00bb&nbsp;<\/em>?<\/h5>\n\n\n<style>.wp-block-kadence-advancedheading.kt-adv-heading3899_6e8b56-05, .wp-block-kadence-advancedheading.kt-adv-heading3899_6e8b56-05[data-kb-block=\"kb-adv-heading3899_6e8b56-05\"]{font-style:normal;}.wp-block-kadence-advancedheading.kt-adv-heading3899_6e8b56-05 mark.kt-highlight, .wp-block-kadence-advancedheading.kt-adv-heading3899_6e8b56-05[data-kb-block=\"kb-adv-heading3899_6e8b56-05\"] mark.kt-highlight{font-style:normal;color:#f76a0c;-webkit-box-decoration-break:clone;box-decoration-break:clone;padding-top:0px;padding-right:0px;padding-bottom:0px;padding-left:0px;}.wp-block-kadence-advancedheading.kt-adv-heading3899_6e8b56-05 img.kb-inline-image, .wp-block-kadence-advancedheading.kt-adv-heading3899_6e8b56-05[data-kb-block=\"kb-adv-heading3899_6e8b56-05\"] img.kb-inline-image{width:150px;vertical-align:baseline;}<\/style>\n<h5 class=\"kt-adv-heading3899_6e8b56-05 wp-block-kadence-advancedheading\" data-kb-block=\"kb-adv-heading3899_6e8b56-05\">La priorit\u00e9 me semble de sortir ces LLM du r\u00e9gime de la transgression auquel nos \u00e9l\u00e8ves et \u00e9tudiants les associent, et que malheureusement nos discours alarmistes ent\u00e9rinent. De l\u2019imaginaire pirate toujours latent avec l\u2019offre (neurologiquement) excitante de ce qu\u2019est devenu l\u2019Internet (pornographie \u00e0 volont\u00e9, r\u00e9seaux sociaux et vid\u00e9os sans mod\u00e9ration \u2013 et dark&nbsp;Net comme arri\u00e8re-monde hors de contr\u00f4le). A l\u2019adolescence, c\u2019est \u00e9videmment une offre irr\u00e9sistible de pulsionnalit\u00e9 tourn\u00e9e contre la soci\u00e9t\u00e9 r\u00e9gl\u00e9e des adultes. L\u2019assimilation de l\u2019IA g\u00e9n\u00e9rative \u00e0 de la triche dessert alors l\u2019enseignement, et enferme chacun dans un jeu de r\u00f4le d\u00e9sesp\u00e9rant.<\/h5>\n\n\n<style>.wp-block-kadence-advancedheading.kt-adv-heading3899_acd03c-6d, .wp-block-kadence-advancedheading.kt-adv-heading3899_acd03c-6d[data-kb-block=\"kb-adv-heading3899_acd03c-6d\"]{font-style:normal;}.wp-block-kadence-advancedheading.kt-adv-heading3899_acd03c-6d mark.kt-highlight, .wp-block-kadence-advancedheading.kt-adv-heading3899_acd03c-6d[data-kb-block=\"kb-adv-heading3899_acd03c-6d\"] mark.kt-highlight{font-style:normal;color:#f76a0c;-webkit-box-decoration-break:clone;box-decoration-break:clone;padding-top:0px;padding-right:0px;padding-bottom:0px;padding-left:0px;}.wp-block-kadence-advancedheading.kt-adv-heading3899_acd03c-6d img.kb-inline-image, .wp-block-kadence-advancedheading.kt-adv-heading3899_acd03c-6d[data-kb-block=\"kb-adv-heading3899_acd03c-6d\"] img.kb-inline-image{width:150px;vertical-align:baseline;}<\/style>\n<h5 class=\"kt-adv-heading3899_acd03c-6d wp-block-kadence-advancedheading\" data-kb-block=\"kb-adv-heading3899_acd03c-6d\">Alors, oui, la simplicit\u00e9 fulgurante de cette triche par IA est ahurissante pour celles et ceux qui ont pratiqu\u00e9 antis\u00e8ches en papier ou formules dans la calculatrice&nbsp;: \u00e0 la simple photo d\u2019un \u00e9nonc\u00e9, ces LLM r\u00e9pondent en une seconde par un corrig\u00e9 int\u00e9gral&nbsp;! Du coll\u00e8ge aux concours des grandes \u00e9coles, des saisies croissantes d\u00e9voilent, comme pour la drogue, l\u2019extension de la pratique. ChatGPT relance d\u2019ailleurs sans g\u00eane les \u00e9changes avec des pratiques de dealeur&nbsp;:&nbsp;<em>\u00ab&nbsp;Veux-tu un document complet en PDF \u00e0 montrer \u00e0 ton prof&nbsp;?&nbsp;\u00bb<\/em><\/h5>\n\n\n<style>.wp-block-kadence-advancedheading.kt-adv-heading3899_afd6e8-21, .wp-block-kadence-advancedheading.kt-adv-heading3899_afd6e8-21[data-kb-block=\"kb-adv-heading3899_afd6e8-21\"]{font-style:normal;}.wp-block-kadence-advancedheading.kt-adv-heading3899_afd6e8-21 mark.kt-highlight, .wp-block-kadence-advancedheading.kt-adv-heading3899_afd6e8-21[data-kb-block=\"kb-adv-heading3899_afd6e8-21\"] mark.kt-highlight{font-style:normal;color:#f76a0c;-webkit-box-decoration-break:clone;box-decoration-break:clone;padding-top:0px;padding-right:0px;padding-bottom:0px;padding-left:0px;}.wp-block-kadence-advancedheading.kt-adv-heading3899_afd6e8-21 img.kb-inline-image, .wp-block-kadence-advancedheading.kt-adv-heading3899_afd6e8-21[data-kb-block=\"kb-adv-heading3899_afd6e8-21\"] img.kb-inline-image{width:150px;vertical-align:baseline;}<\/style>\n<h5 class=\"kt-adv-heading3899_afd6e8-21 wp-block-kadence-advancedheading\" data-kb-block=\"kb-adv-heading3899_afd6e8-21\">Cette normalisation ne peut passer que par une int\u00e9gration officielle, dont il faut d\u00e9terminer les modalit\u00e9s et une charte d\u2019usage claire. Il va ainsi falloir repenser les modalit\u00e9s d\u2019\u00e9valuation (disqualification de quasiment tout devoir \u00e0 la maison), mieux valoriser encore l\u2019oral en classe, et favoriser le retour \u00e0 l\u2019atelier de vrais&nbsp;<em>\u00ab<\/em>&nbsp;travaux dirig\u00e9s<em>&nbsp;\u00bb<\/em>.<\/h5>\n\n\n<style>.wp-block-kadence-advancedheading.kt-adv-heading3899_f15b0a-d0, .wp-block-kadence-advancedheading.kt-adv-heading3899_f15b0a-d0[data-kb-block=\"kb-adv-heading3899_f15b0a-d0\"]{font-style:normal;}.wp-block-kadence-advancedheading.kt-adv-heading3899_f15b0a-d0 mark.kt-highlight, .wp-block-kadence-advancedheading.kt-adv-heading3899_f15b0a-d0[data-kb-block=\"kb-adv-heading3899_f15b0a-d0\"] mark.kt-highlight{font-style:normal;color:#f76a0c;-webkit-box-decoration-break:clone;box-decoration-break:clone;padding-top:0px;padding-right:0px;padding-bottom:0px;padding-left:0px;}.wp-block-kadence-advancedheading.kt-adv-heading3899_f15b0a-d0 img.kb-inline-image, .wp-block-kadence-advancedheading.kt-adv-heading3899_f15b0a-d0[data-kb-block=\"kb-adv-heading3899_f15b0a-d0\"] img.kb-inline-image{width:150px;vertical-align:baseline;}<\/style>\n<h5 class=\"kt-adv-heading3899_f15b0a-d0 wp-block-kadence-advancedheading\" data-kb-block=\"kb-adv-heading3899_f15b0a-d0\">Et surtout, me semble-t-il, malgr\u00e9 nos propres r\u00e9serves, ins\u00e9rer cet outil dans une d\u00e9marche acad\u00e9mique, c\u2019est-\u00e0-dire dans nos cours. Non pas sur le mode honteux de la cigarette partag\u00e9e, et pas exclusivement sur celui d\u2019une analyse critique qui para\u00eetrait trop de mauvaise foi pour d\u00e9nigrer l\u2019outil (les \u00ab&nbsp;hallucinations&nbsp;\u00bb, inventions par la machine par exemple de faux textes, sont pourtant une cible facile et r\u00e9jouissante), mais pour le d\u00e9faire de cette dimension transgressive. Ce qui n\u2019implique pas du tout de se soumettre \u00e0 une divinit\u00e9 p\u00e9dagogique que l\u2019IA n\u2019est pas.<\/h5>\n\n\n<style>.wp-block-kadence-advancedheading.kt-adv-heading3899_4f0664-0e, .wp-block-kadence-advancedheading.kt-adv-heading3899_4f0664-0e[data-kb-block=\"kb-adv-heading3899_4f0664-0e\"]{font-style:normal;}.wp-block-kadence-advancedheading.kt-adv-heading3899_4f0664-0e mark.kt-highlight, .wp-block-kadence-advancedheading.kt-adv-heading3899_4f0664-0e[data-kb-block=\"kb-adv-heading3899_4f0664-0e\"] mark.kt-highlight{font-style:normal;color:#f76a0c;-webkit-box-decoration-break:clone;box-decoration-break:clone;padding-top:0px;padding-right:0px;padding-bottom:0px;padding-left:0px;}.wp-block-kadence-advancedheading.kt-adv-heading3899_4f0664-0e img.kb-inline-image, .wp-block-kadence-advancedheading.kt-adv-heading3899_4f0664-0e[data-kb-block=\"kb-adv-heading3899_4f0664-0e\"] img.kb-inline-image{width:150px;vertical-align:baseline;}<\/style>\n<h5 class=\"kt-adv-heading3899_4f0664-0e wp-block-kadence-advancedheading\" data-kb-block=\"kb-adv-heading3899_4f0664-0e\">C\u2019est cependant aussi un outil qui peut assister un professeur&nbsp;! Je ne me sens en rien d\u00e9poss\u00e9d\u00e9 en testant des hypoth\u00e8ses ou en confrontant des r\u00e9f\u00e9rences que je ne connais pas encore, et m\u00eame en obtenant certaines formulations que je peux retravailler comme une premi\u00e8re p\u00e2te tendue par un aide cuisinier pas trop g\u00e2te-sauce.<\/h5>\n\n\n<style>.wp-block-kadence-advancedheading.kt-adv-heading3899_e1a560-bc, .wp-block-kadence-advancedheading.kt-adv-heading3899_e1a560-bc[data-kb-block=\"kb-adv-heading3899_e1a560-bc\"]{font-style:normal;}.wp-block-kadence-advancedheading.kt-adv-heading3899_e1a560-bc mark.kt-highlight, .wp-block-kadence-advancedheading.kt-adv-heading3899_e1a560-bc[data-kb-block=\"kb-adv-heading3899_e1a560-bc\"] mark.kt-highlight{font-style:normal;color:#f76a0c;-webkit-box-decoration-break:clone;box-decoration-break:clone;padding-top:0px;padding-right:0px;padding-bottom:0px;padding-left:0px;}.wp-block-kadence-advancedheading.kt-adv-heading3899_e1a560-bc img.kb-inline-image, .wp-block-kadence-advancedheading.kt-adv-heading3899_e1a560-bc[data-kb-block=\"kb-adv-heading3899_e1a560-bc\"] img.kb-inline-image{width:150px;vertical-align:baseline;}<\/style>\n<h5 class=\"kt-adv-heading3899_e1a560-bc wp-block-kadence-advancedheading\" data-kb-block=\"kb-adv-heading3899_e1a560-bc\">Finalement, quel est l\u2019enjeu&nbsp;? Toutes les exp\u00e9rimentations en didactique l\u2019ont d\u00e9montr\u00e9 depuis les ordinateurs professeurs des ann\u00e9es 1970&nbsp;: nos \u00e9l\u00e8ves ne trouveront pas dans ces usages une alternative \u00e0 l\u2019enseignement qui leur est d\u00fb. Ce qui les menace, en revanche, et toute la soci\u00e9t\u00e9 avec eux, c\u2019est une s\u00e9dentarit\u00e9 intellectuelle proprement funeste. La tentation du canap\u00e9, le\u00ab&nbsp;\u00e0 quoi bon lire, r\u00e9diger, r\u00e9fl\u00e9chir, apprendre&nbsp;\u00bb. La relance de l\u2019activit\u00e9 cognitive et d\u2019apprentissage ne pourra pas se faire sans celle de l\u2019activit\u00e9 physique, avec un nombre minimal de pas quotidiens.<\/h5>\n\n\n<style>.wp-block-kadence-advancedheading.kt-adv-heading3899_48d4bf-40, .wp-block-kadence-advancedheading.kt-adv-heading3899_48d4bf-40[data-kb-block=\"kb-adv-heading3899_48d4bf-40\"]{font-style:normal;}.wp-block-kadence-advancedheading.kt-adv-heading3899_48d4bf-40 mark.kt-highlight, .wp-block-kadence-advancedheading.kt-adv-heading3899_48d4bf-40[data-kb-block=\"kb-adv-heading3899_48d4bf-40\"] mark.kt-highlight{font-style:normal;color:#f76a0c;-webkit-box-decoration-break:clone;box-decoration-break:clone;padding-top:0px;padding-right:0px;padding-bottom:0px;padding-left:0px;}.wp-block-kadence-advancedheading.kt-adv-heading3899_48d4bf-40 img.kb-inline-image, .wp-block-kadence-advancedheading.kt-adv-heading3899_48d4bf-40[data-kb-block=\"kb-adv-heading3899_48d4bf-40\"] img.kb-inline-image{width:150px;vertical-align:baseline;}<\/style>\n<h5 class=\"kt-adv-heading3899_48d4bf-40 wp-block-kadence-advancedheading\" data-kb-block=\"kb-adv-heading3899_48d4bf-40\">Et, justement, comme l\u2019a bien montr\u00e9 le d\u00e9ficit douloureux des cours en distanciel pendant le confinement de 2020, rien ne remplace la pr\u00e9sence. Pourquoi continuer \u00e0 me rendre dans une salle de classe depuis plusieurs d\u00e9cennies, malgr\u00e9 tous les al\u00e9as et contre l\u2019apparente scl\u00e9rose r\u00e9p\u00e9titive&nbsp;? Parce que transmettre est une op\u00e9ration intense qui produit son lot d\u2019endorphines et fait d\u2019un cours r\u00e9ussi une victoire quasiment sportive&nbsp;!<\/h5>\n\n\n<style>.wp-block-kadence-advancedheading.kt-adv-heading3899_8ff3ce-9f, .wp-block-kadence-advancedheading.kt-adv-heading3899_8ff3ce-9f[data-kb-block=\"kb-adv-heading3899_8ff3ce-9f\"]{font-style:normal;}.wp-block-kadence-advancedheading.kt-adv-heading3899_8ff3ce-9f mark.kt-highlight, .wp-block-kadence-advancedheading.kt-adv-heading3899_8ff3ce-9f[data-kb-block=\"kb-adv-heading3899_8ff3ce-9f\"] mark.kt-highlight{font-style:normal;color:#f76a0c;-webkit-box-decoration-break:clone;box-decoration-break:clone;padding-top:0px;padding-right:0px;padding-bottom:0px;padding-left:0px;}.wp-block-kadence-advancedheading.kt-adv-heading3899_8ff3ce-9f img.kb-inline-image, .wp-block-kadence-advancedheading.kt-adv-heading3899_8ff3ce-9f[data-kb-block=\"kb-adv-heading3899_8ff3ce-9f\"] img.kb-inline-image{width:150px;vertical-align:baseline;}<\/style>\n<h5 class=\"kt-adv-heading3899_8ff3ce-9f wp-block-kadence-advancedheading\" data-kb-block=\"kb-adv-heading3899_8ff3ce-9f\">Par la copr\u00e9sence de trois acteurs, la mise en jeu de ce triangle magique&nbsp;: entre la bo\u00eete noire d\u2019un texte, d\u2019une id\u00e9e, d\u2019une d\u00e9monstration&nbsp;; le public captif, mais qui peut devenir curieux&nbsp;; et le professeur qui vient pour partager une \u00e9lucidation \u00e0 la fois rigoureuse et \u00e9motionnelle. D\u2019autant que l\u2019\u00e9nergie humaine investie et re\u00e7ue est la seule soutenable, \u00e0 l\u2019oppos\u00e9 de l\u2019\u00e9nergie artificielle, cette \u00ab&nbsp;EA&nbsp;\u00bb monstrueuse br\u00fbl\u00e9e d\u00e8s la phase d\u2019entra\u00eenement et cumul\u00e9e dans une inflation folle \u00e0 chacune de nos requ\u00eates.<\/h5>\n\n\n<style>.wp-block-kadence-advancedheading.kt-adv-heading3899_de8d12-21, .wp-block-kadence-advancedheading.kt-adv-heading3899_de8d12-21[data-kb-block=\"kb-adv-heading3899_de8d12-21\"]{font-style:normal;}.wp-block-kadence-advancedheading.kt-adv-heading3899_de8d12-21 mark.kt-highlight, .wp-block-kadence-advancedheading.kt-adv-heading3899_de8d12-21[data-kb-block=\"kb-adv-heading3899_de8d12-21\"] mark.kt-highlight{font-style:normal;color:#f76a0c;-webkit-box-decoration-break:clone;box-decoration-break:clone;padding-top:0px;padding-right:0px;padding-bottom:0px;padding-left:0px;}.wp-block-kadence-advancedheading.kt-adv-heading3899_de8d12-21 img.kb-inline-image, .wp-block-kadence-advancedheading.kt-adv-heading3899_de8d12-21[data-kb-block=\"kb-adv-heading3899_de8d12-21\"] img.kb-inline-image{width:150px;vertical-align:baseline;}<\/style>\n<h5 class=\"kt-adv-heading3899_de8d12-21 wp-block-kadence-advancedheading\" data-kb-block=\"kb-adv-heading3899_de8d12-21\">Plus nos \u00e9l\u00e8ves et \u00e9tudiants passeront des heures devant des \u00e9crans, plus sera rendue urgente (et si pr\u00e9cieuse) cette actualisation d\u2019un sens partag\u00e9&nbsp;qui refait soudain surface en chacune et chacun. Source de notre autorit\u00e9, base de notre l\u00e9gitimit\u00e9, que par contraste tous les LLM viennent rappeler.<\/h5>\n\n\n\n<p><\/p>\n\n\n<style>.wp-block-kadence-advancedheading.kt-adv-heading3899_6b1daf-4d, .wp-block-kadence-advancedheading.kt-adv-heading3899_6b1daf-4d[data-kb-block=\"kb-adv-heading3899_6b1daf-4d\"]{font-style:normal;}.wp-block-kadence-advancedheading.kt-adv-heading3899_6b1daf-4d mark.kt-highlight, .wp-block-kadence-advancedheading.kt-adv-heading3899_6b1daf-4d[data-kb-block=\"kb-adv-heading3899_6b1daf-4d\"] mark.kt-highlight{font-style:normal;color:#f76a0c;-webkit-box-decoration-break:clone;box-decoration-break:clone;padding-top:0px;padding-right:0px;padding-bottom:0px;padding-left:0px;}.wp-block-kadence-advancedheading.kt-adv-heading3899_6b1daf-4d img.kb-inline-image, .wp-block-kadence-advancedheading.kt-adv-heading3899_6b1daf-4d[data-kb-block=\"kb-adv-heading3899_6b1daf-4d\"] img.kb-inline-image{width:150px;vertical-align:baseline;}<\/style>\n<h5 class=\"kt-adv-heading3899_6b1daf-4d wp-block-kadence-advancedheading\" data-kb-block=\"kb-adv-heading3899_6b1daf-4d\"><em>Le Monde<\/em> dat\u00e9 du 29 ao\u00fbt 2025.<\/h5>\n\n\n<div class=\"wp-block-image\">\n<figure class=\"aligncenter size-large is-resized\"><a href=\"https:\/\/abolgassemi.fr\/index.php\/album-concept-lacheter\/\"><img decoding=\"async\" width=\"1020\" height=\"1022\" data-attachment-id=\"3640\" data-permalink=\"https:\/\/abolgassemi.fr\/index.php\/album-concept-lacheter\/capture-decran-2025-08-10-a-01-09-24\/\" data-orig-file=\"https:\/\/abolgassemi.fr\/wp-content\/uploads\/Capture-decran-2025-08-10-a-01.09.24.png\" data-orig-size=\"1252,1254\" data-comments-opened=\"0\" data-image-meta=\"{&quot;aperture&quot;:&quot;0&quot;,&quot;credit&quot;:&quot;&quot;,&quot;camera&quot;:&quot;&quot;,&quot;caption&quot;:&quot;&quot;,&quot;created_timestamp&quot;:&quot;0&quot;,&quot;copyright&quot;:&quot;&quot;,&quot;focal_length&quot;:&quot;0&quot;,&quot;iso&quot;:&quot;0&quot;,&quot;shutter_speed&quot;:&quot;0&quot;,&quot;title&quot;:&quot;&quot;,&quot;orientation&quot;:&quot;0&quot;}\" data-image-title=\"Capture d\u2019\u00e9cran 2025-08-10 \u00e0 01.09.24\" data-image-description=\"\" data-image-caption=\"\" data-medium-file=\"https:\/\/abolgassemi.fr\/wp-content\/uploads\/Capture-decran-2025-08-10-a-01.09.24-632x633.png\" data-large-file=\"https:\/\/abolgassemi.fr\/wp-content\/uploads\/Capture-decran-2025-08-10-a-01.09.24-1020x1022.png\" src=\"https:\/\/abolgassemi.fr\/wp-content\/uploads\/Capture-decran-2025-08-10-a-01.09.24-1020x1022.png\" alt=\"\" class=\"wp-image-3640\" style=\"width:365px;height:auto\" srcset=\"https:\/\/abolgassemi.fr\/wp-content\/uploads\/Capture-decran-2025-08-10-a-01.09.24-1020x1022.png 1020w, https:\/\/abolgassemi.fr\/wp-content\/uploads\/Capture-decran-2025-08-10-a-01.09.24-632x633.png 632w, https:\/\/abolgassemi.fr\/wp-content\/uploads\/Capture-decran-2025-08-10-a-01.09.24-768x769.png 768w, https:\/\/abolgassemi.fr\/wp-content\/uploads\/Capture-decran-2025-08-10-a-01.09.24.png 1252w\" sizes=\"(max-width: 1020px) 100vw, 1020px\" \/><\/a><\/figure>\n<\/div>","protected":false},"excerpt":{"rendered":"<p>Comment le syst\u00e8me \u00e9ducatif peut-il tenir encore la barre face au raz de mar\u00e9e des intelligences artificielles (IA) g\u00e9n\u00e9ratives en langage naturel (LLM) comme Le&nbsp;Chat ou ChatGPT&nbsp;? Quand la version GPT-5.0, d\u00e9voil\u00e9e le 7&nbsp;ao\u00fbt, exhibe un mode d\u2019\u00e9change appel\u00e9&nbsp;\u00ab&nbsp;Prof p\u00e9dago&nbsp;\u00bb&nbsp;qui &hellip; <a href=\"https:\/\/abolgassemi.fr\/index.php\/tribune-sur-lia\/\">Lire la suite\u00ad\u00ad<\/a><\/p>\n","protected":false},"author":1,"featured_media":0,"parent":0,"menu_order":0,"comment_status":"closed","ping_status":"closed","template":"","meta":{"kt_blocks_editor_width":"","_monsterinsights_skip_tracking":false,"_monsterinsights_sitenote_active":false,"_monsterinsights_sitenote_note":"","_monsterinsights_sitenote_category":0,"footnotes":""},"class_list":["post-3899","page","type-page","status-publish","hentry"],"jetpack_sharing_enabled":true,"jetpack_shortlink":"https:\/\/wp.me\/P6ytyI-10T","_links":{"self":[{"href":"https:\/\/abolgassemi.fr\/index.php\/wp-json\/wp\/v2\/pages\/3899","targetHints":{"allow":["GET"]}}],"collection":[{"href":"https:\/\/abolgassemi.fr\/index.php\/wp-json\/wp\/v2\/pages"}],"about":[{"href":"https:\/\/abolgassemi.fr\/index.php\/wp-json\/wp\/v2\/types\/page"}],"author":[{"embeddable":true,"href":"https:\/\/abolgassemi.fr\/index.php\/wp-json\/wp\/v2\/users\/1"}],"replies":[{"embeddable":true,"href":"https:\/\/abolgassemi.fr\/index.php\/wp-json\/wp\/v2\/comments?post=3899"}],"version-history":[{"count":6,"href":"https:\/\/abolgassemi.fr\/index.php\/wp-json\/wp\/v2\/pages\/3899\/revisions"}],"predecessor-version":[{"id":3938,"href":"https:\/\/abolgassemi.fr\/index.php\/wp-json\/wp\/v2\/pages\/3899\/revisions\/3938"}],"wp:attachment":[{"href":"https:\/\/abolgassemi.fr\/index.php\/wp-json\/wp\/v2\/media?parent=3899"}],"curies":[{"name":"wp","href":"https:\/\/api.w.org\/{rel}","templated":true}]}}