{"id":2018,"date":"2019-02-22T14:41:46","date_gmt":"2019-02-22T12:41:46","guid":{"rendered":"http:\/\/abolgassemi.fr\/?page_id=2018"},"modified":"2019-10-20T11:50:04","modified_gmt":"2019-10-20T09:50:04","slug":"le-podcast-pasdcastenprepas","status":"publish","type":"page","link":"https:\/\/abolgassemi.fr\/index.php\/le-podcast-pasdcastenprepas\/","title":{"rendered":"le Podcast Pasdcastenpr\u00e9pa(s)"},"content":{"rendered":"\n<h3 class=\"wp-block-heading\" style=\"text-align:center\">Invitation \u00e0 partager le plaisir des textes et des id\u00e9es, embarqu\u00e9(e)s sous la forme du voyage sonore qu&rsquo;offre le podcast&#8230;<\/h3>\n\n\n\n<figure class=\"wp-block-embed-youtube wp-block-embed is-type-video is-provider-youtube wp-embed-aspect-16-9 wp-has-aspect-ratio\"><div class=\"wp-block-embed__wrapper\">\n<span class=\"embed-youtube\" style=\"text-align:center; display: block;\"><iframe class=\"youtube-player\" width=\"1140\" height=\"642\" src=\"https:\/\/www.youtube.com\/embed\/SEYqcErERXI?version=3&#038;rel=1&#038;showsearch=0&#038;showinfo=1&#038;iv_load_policy=1&#038;fs=1&#038;hl=fr-FR&#038;autohide=2&#038;wmode=transparent\" allowfullscreen=\"true\" style=\"border:0;\" sandbox=\"allow-scripts allow-same-origin allow-popups allow-presentation allow-popups-to-escape-sandbox\"><\/iframe><\/span>\n<\/div><\/figure>\n\n\n\n<h3 class=\"wp-block-heading\">Un podcast pour approfondir (et aimer) les programmes de Culture g\u00e9n\u00e9rale, Fran\u00e7ais \/ Philosophie, Litt\u00e9rature compar\u00e9e en classes pr\u00e9paratoires&#8230; <\/h3>\n\n\n\n<figure class=\"wp-block-image is-resized\"><img fetchpriority=\"high\" decoding=\"async\" data-attachment-id=\"2074\" data-permalink=\"https:\/\/abolgassemi.fr\/index.php\/le-podcast-pasdcastenprepas\/bon-saison2\/\" data-orig-file=\"https:\/\/abolgassemi.fr\/wp-content\/uploads\/BON-SAISON2.png\" data-orig-size=\"640,785\" data-comments-opened=\"0\" data-image-meta=\"{&quot;aperture&quot;:&quot;0&quot;,&quot;credit&quot;:&quot;&quot;,&quot;camera&quot;:&quot;&quot;,&quot;caption&quot;:&quot;&quot;,&quot;created_timestamp&quot;:&quot;0&quot;,&quot;copyright&quot;:&quot;&quot;,&quot;focal_length&quot;:&quot;0&quot;,&quot;iso&quot;:&quot;0&quot;,&quot;shutter_speed&quot;:&quot;0&quot;,&quot;title&quot;:&quot;&quot;,&quot;orientation&quot;:&quot;0&quot;}\" data-image-title=\"BON-SAISON2\" data-image-description=\"\" data-image-caption=\"\" data-medium-file=\"https:\/\/abolgassemi.fr\/wp-content\/uploads\/BON-SAISON2-632x775.png\" data-large-file=\"https:\/\/abolgassemi.fr\/wp-content\/uploads\/BON-SAISON2.png\" src=\"https:\/\/abolgassemi.fr\/wp-content\/uploads\/BON-SAISON2.png\" alt=\"\" class=\"wp-image-2074\" width=\"410\" height=\"503\" srcset=\"https:\/\/abolgassemi.fr\/wp-content\/uploads\/BON-SAISON2.png 640w, https:\/\/abolgassemi.fr\/wp-content\/uploads\/BON-SAISON2-632x775.png 632w\" sizes=\"(max-width: 410px) 100vw, 410px\" \/><\/figure>\n\n\n\n<p style=\"text-align:left\" class=\"has-medium-font-size\"><strong>Saison 2 : la D\u00e9mocratie !<\/strong><\/p>\n\n\n\n<figure class=\"wp-block-image is-resized\"><img decoding=\"async\" data-attachment-id=\"2020\" data-permalink=\"https:\/\/abolgassemi.fr\/index.php\/le-podcast-pasdcastenprepas\/lasaison1\/\" data-orig-file=\"https:\/\/abolgassemi.fr\/wp-content\/uploads\/lasaison1.png\" data-orig-size=\"640,785\" data-comments-opened=\"0\" data-image-meta=\"{&quot;aperture&quot;:&quot;0&quot;,&quot;credit&quot;:&quot;&quot;,&quot;camera&quot;:&quot;&quot;,&quot;caption&quot;:&quot;&quot;,&quot;created_timestamp&quot;:&quot;0&quot;,&quot;copyright&quot;:&quot;&quot;,&quot;focal_length&quot;:&quot;0&quot;,&quot;iso&quot;:&quot;0&quot;,&quot;shutter_speed&quot;:&quot;0&quot;,&quot;title&quot;:&quot;&quot;,&quot;orientation&quot;:&quot;0&quot;}\" data-image-title=\"la saison 1\" data-image-description=\"\" data-image-caption=\"\" data-medium-file=\"https:\/\/abolgassemi.fr\/wp-content\/uploads\/lasaison1-632x775.png\" data-large-file=\"https:\/\/abolgassemi.fr\/wp-content\/uploads\/lasaison1.png\" src=\"https:\/\/abolgassemi.fr\/wp-content\/uploads\/lasaison1.png\" alt=\"\" class=\"wp-image-2020\" width=\"410\" height=\"503\" srcset=\"https:\/\/abolgassemi.fr\/wp-content\/uploads\/lasaison1.png 640w, https:\/\/abolgassemi.fr\/wp-content\/uploads\/lasaison1-632x775.png 632w\" sizes=\"(max-width: 410px) 100vw, 410px\" \/><\/figure>\n\n\n\n<p style=\"text-align:left\" class=\"has-medium-font-size\"><strong>Saison 1 : l&rsquo;amour dans <\/strong><em><strong>la Chartreuse de Parme<\/strong><\/em><\/p>\n\n\n\n<figure class=\"wp-block-image is-resized\"><a href=\"https:\/\/open.spotify.com\/show\/0Jz0cOGGhCdntKjjzdAXFw\" target=\"_blank\" rel=\"noreferrer noopener\"><img decoding=\"async\" data-attachment-id=\"2024\" data-permalink=\"https:\/\/abolgassemi.fr\/index.php\/le-podcast-pasdcastenprepas\/color-spotify-logo\/\" data-orig-file=\"https:\/\/abolgassemi.fr\/wp-content\/uploads\/Color-Spotify-Logo.jpg\" data-orig-size=\"1698,1150\" data-comments-opened=\"0\" data-image-meta=\"{&quot;aperture&quot;:&quot;0&quot;,&quot;credit&quot;:&quot;&quot;,&quot;camera&quot;:&quot;&quot;,&quot;caption&quot;:&quot;&quot;,&quot;created_timestamp&quot;:&quot;0&quot;,&quot;copyright&quot;:&quot;&quot;,&quot;focal_length&quot;:&quot;0&quot;,&quot;iso&quot;:&quot;0&quot;,&quot;shutter_speed&quot;:&quot;0&quot;,&quot;title&quot;:&quot;&quot;,&quot;orientation&quot;:&quot;1&quot;}\" data-image-title=\"Color-Spotify-Logo\" data-image-description=\"\" data-image-caption=\"\" data-medium-file=\"https:\/\/abolgassemi.fr\/wp-content\/uploads\/Color-Spotify-Logo-632x428.jpg\" data-large-file=\"https:\/\/abolgassemi.fr\/wp-content\/uploads\/Color-Spotify-Logo-1020x691.jpg\" src=\"https:\/\/i2.wp.com\/www.abolgassemi.fr\/wp-content\/uploads\/Color-Spotify-Logo.jpg?fit=1020%2C691\" alt=\"\" class=\"wp-image-2024\" width=\"255\" height=\"173\" srcset=\"https:\/\/abolgassemi.fr\/wp-content\/uploads\/Color-Spotify-Logo.jpg 1698w, https:\/\/abolgassemi.fr\/wp-content\/uploads\/Color-Spotify-Logo-632x428.jpg 632w, https:\/\/abolgassemi.fr\/wp-content\/uploads\/Color-Spotify-Logo-768x520.jpg 768w, https:\/\/abolgassemi.fr\/wp-content\/uploads\/Color-Spotify-Logo-1020x691.jpg 1020w\" sizes=\"(max-width: 255px) 100vw, 255px\" \/><\/a><\/figure>\n\n\n\n<figure class=\"wp-block-image\"><a href=\"https:\/\/podcasts.apple.com\/us\/podcast\/pasdcast-en-pr%C3%A9pa-s\/id1453601869?ign-mpt=uo%3D4&amp;mt=2\" target=\"_blank\" rel=\"noreferrer noopener\"><img loading=\"lazy\" decoding=\"async\" width=\"225\" height=\"225\" data-attachment-id=\"2076\" data-permalink=\"https:\/\/abolgassemi.fr\/index.php\/le-podcast-pasdcastenprepas\/applle\/\" data-orig-file=\"https:\/\/abolgassemi.fr\/wp-content\/uploads\/applle.jpg\" data-orig-size=\"225,225\" data-comments-opened=\"0\" data-image-meta=\"{&quot;aperture&quot;:&quot;0&quot;,&quot;credit&quot;:&quot;&quot;,&quot;camera&quot;:&quot;&quot;,&quot;caption&quot;:&quot;&quot;,&quot;created_timestamp&quot;:&quot;0&quot;,&quot;copyright&quot;:&quot;&quot;,&quot;focal_length&quot;:&quot;0&quot;,&quot;iso&quot;:&quot;0&quot;,&quot;shutter_speed&quot;:&quot;0&quot;,&quot;title&quot;:&quot;&quot;,&quot;orientation&quot;:&quot;0&quot;}\" data-image-title=\"applle\" data-image-description=\"\" data-image-caption=\"\" data-medium-file=\"https:\/\/abolgassemi.fr\/wp-content\/uploads\/applle.jpg\" data-large-file=\"https:\/\/abolgassemi.fr\/wp-content\/uploads\/applle.jpg\" src=\"https:\/\/abolgassemi.fr\/wp-content\/uploads\/applle.jpg\" alt=\"\" class=\"wp-image-2076\"\/><\/a><figcaption><br><\/figcaption><\/figure>\n\n\n\n<figure class=\"wp-block-image\"><a href=\"https:\/\/podcasts.google.com\/?feed=aHR0cHM6Ly9hbmNob3IuZm0vcy85MjlkMDg0L3BvZGNhc3QvcnNz\" target=\"_blank\" rel=\"noreferrer noopener\"><img loading=\"lazy\" decoding=\"async\" width=\"225\" height=\"225\" data-attachment-id=\"2083\" data-permalink=\"https:\/\/abolgassemi.fr\/index.php\/le-podcast-pasdcastenprepas\/gggggl\/\" data-orig-file=\"https:\/\/abolgassemi.fr\/wp-content\/uploads\/gggggl.png\" data-orig-size=\"225,225\" data-comments-opened=\"0\" data-image-meta=\"{&quot;aperture&quot;:&quot;0&quot;,&quot;credit&quot;:&quot;&quot;,&quot;camera&quot;:&quot;&quot;,&quot;caption&quot;:&quot;&quot;,&quot;created_timestamp&quot;:&quot;0&quot;,&quot;copyright&quot;:&quot;&quot;,&quot;focal_length&quot;:&quot;0&quot;,&quot;iso&quot;:&quot;0&quot;,&quot;shutter_speed&quot;:&quot;0&quot;,&quot;title&quot;:&quot;&quot;,&quot;orientation&quot;:&quot;0&quot;}\" data-image-title=\"gggggl\" data-image-description=\"\" data-image-caption=\"\" data-medium-file=\"https:\/\/abolgassemi.fr\/wp-content\/uploads\/gggggl.png\" data-large-file=\"https:\/\/abolgassemi.fr\/wp-content\/uploads\/gggggl.png\" src=\"https:\/\/abolgassemi.fr\/wp-content\/uploads\/gggggl.png\" alt=\"\" class=\"wp-image-2083\"\/><\/a><\/figure>\n\n\n\n<figure class=\"wp-block-image\"><a href=\"https:\/\/pca.st\/vcV9\" target=\"_blank\" rel=\"noreferrer noopener\"><img loading=\"lazy\" decoding=\"async\" width=\"311\" height=\"162\" data-attachment-id=\"2026\" data-permalink=\"https:\/\/abolgassemi.fr\/index.php\/le-podcast-pasdcastenprepas\/attachment\/02312121\/\" data-orig-file=\"https:\/\/abolgassemi.fr\/wp-content\/uploads\/02312121.jpeg\" data-orig-size=\"311,162\" data-comments-opened=\"0\" data-image-meta=\"{&quot;aperture&quot;:&quot;0&quot;,&quot;credit&quot;:&quot;&quot;,&quot;camera&quot;:&quot;&quot;,&quot;caption&quot;:&quot;&quot;,&quot;created_timestamp&quot;:&quot;0&quot;,&quot;copyright&quot;:&quot;&quot;,&quot;focal_length&quot;:&quot;0&quot;,&quot;iso&quot;:&quot;0&quot;,&quot;shutter_speed&quot;:&quot;0&quot;,&quot;title&quot;:&quot;&quot;,&quot;orientation&quot;:&quot;0&quot;}\" data-image-title=\"02312121\" data-image-description=\"\" data-image-caption=\"\" data-medium-file=\"https:\/\/abolgassemi.fr\/wp-content\/uploads\/02312121.jpeg\" data-large-file=\"https:\/\/abolgassemi.fr\/wp-content\/uploads\/02312121.jpeg\" src=\"https:\/\/abolgassemi.fr\/wp-content\/uploads\/02312121.jpeg\" alt=\"\" class=\"wp-image-2026\"\/><\/a><\/figure>\n\n\n\n<figure class=\"wp-block-image\"><a href=\"https:\/\/radiopublic.com\/pasdcast-en-prpas-WodNOr\" target=\"_blank\" rel=\"noreferrer noopener\"><img loading=\"lazy\" decoding=\"async\" width=\"374\" height=\"120\" data-attachment-id=\"2029\" data-permalink=\"https:\/\/abolgassemi.fr\/index.php\/le-podcast-pasdcastenprepas\/attachment\/45464\/\" data-orig-file=\"https:\/\/abolgassemi.fr\/wp-content\/uploads\/45464.png\" data-orig-size=\"374,120\" data-comments-opened=\"0\" data-image-meta=\"{&quot;aperture&quot;:&quot;0&quot;,&quot;credit&quot;:&quot;&quot;,&quot;camera&quot;:&quot;&quot;,&quot;caption&quot;:&quot;&quot;,&quot;created_timestamp&quot;:&quot;0&quot;,&quot;copyright&quot;:&quot;&quot;,&quot;focal_length&quot;:&quot;0&quot;,&quot;iso&quot;:&quot;0&quot;,&quot;shutter_speed&quot;:&quot;0&quot;,&quot;title&quot;:&quot;&quot;,&quot;orientation&quot;:&quot;0&quot;}\" data-image-title=\"45464\" data-image-description=\"\" data-image-caption=\"\" data-medium-file=\"https:\/\/abolgassemi.fr\/wp-content\/uploads\/45464.png\" data-large-file=\"https:\/\/abolgassemi.fr\/wp-content\/uploads\/45464.png\" src=\"https:\/\/abolgassemi.fr\/wp-content\/uploads\/45464.png\" alt=\"\" class=\"wp-image-2029\"\/><\/a><\/figure>\n","protected":false},"excerpt":{"rendered":"<p>Invitation \u00e0 partager le plaisir des textes et des id\u00e9es, embarqu\u00e9(e)s sous la forme du voyage sonore qu&rsquo;offre le podcast&#8230; Un podcast pour approfondir (et aimer) les programmes de Culture g\u00e9n\u00e9rale, Fran\u00e7ais \/ Philosophie, Litt\u00e9rature compar\u00e9e en classes pr\u00e9paratoires&#8230; Saison &hellip; <a href=\"https:\/\/abolgassemi.fr\/index.php\/le-podcast-pasdcastenprepas\/\">Lire la suite\u00ad\u00ad<\/a><\/p>\n","protected":false},"author":1,"featured_media":2020,"parent":0,"menu_order":0,"comment_status":"closed","ping_status":"closed","template":"","meta":{"kt_blocks_editor_width":"","_monsterinsights_skip_tracking":false,"_monsterinsights_sitenote_active":false,"_monsterinsights_sitenote_note":"","_monsterinsights_sitenote_category":0,"footnotes":""},"class_list":["post-2018","page","type-page","status-publish","has-post-thumbnail","hentry"],"jetpack_sharing_enabled":true,"jetpack_shortlink":"https:\/\/wp.me\/P6ytyI-wy","_links":{"self":[{"href":"https:\/\/abolgassemi.fr\/index.php\/wp-json\/wp\/v2\/pages\/2018","targetHints":{"allow":["GET"]}}],"collection":[{"href":"https:\/\/abolgassemi.fr\/index.php\/wp-json\/wp\/v2\/pages"}],"about":[{"href":"https:\/\/abolgassemi.fr\/index.php\/wp-json\/wp\/v2\/types\/page"}],"author":[{"embeddable":true,"href":"https:\/\/abolgassemi.fr\/index.php\/wp-json\/wp\/v2\/users\/1"}],"replies":[{"embeddable":true,"href":"https:\/\/abolgassemi.fr\/index.php\/wp-json\/wp\/v2\/comments?post=2018"}],"version-history":[{"count":14,"href":"https:\/\/abolgassemi.fr\/index.php\/wp-json\/wp\/v2\/pages\/2018\/revisions"}],"predecessor-version":[{"id":2085,"href":"https:\/\/abolgassemi.fr\/index.php\/wp-json\/wp\/v2\/pages\/2018\/revisions\/2085"}],"wp:featuredmedia":[{"embeddable":true,"href":"https:\/\/abolgassemi.fr\/index.php\/wp-json\/wp\/v2\/media\/2020"}],"wp:attachment":[{"href":"https:\/\/abolgassemi.fr\/index.php\/wp-json\/wp\/v2\/media?parent=2018"}],"curies":[{"name":"wp","href":"https:\/\/api.w.org\/{rel}","templated":true}]}}