{"id":2,"date":"2015-07-09T18:36:42","date_gmt":"2015-07-09T17:36:42","guid":{"rendered":"http:\/\/abolgassemi.fr\/?page_id=2"},"modified":"2022-05-25T23:08:39","modified_gmt":"2022-05-25T21:08:39","slug":"page-d-exemple","status":"publish","type":"page","link":"https:\/\/abolgassemi.fr\/index.php\/page-d-exemple\/","title":{"rendered":"publications"},"content":{"rendered":"<p class=\"p1\" style=\"text-align: justify;\"><span class=\"s1\"><span style=\"color: #000080;\"><b><i>Pour ce qui est disponible en ligne sur le site CAIRN, <\/i><\/b><\/span><a href=\"http:\/\/www.cairn.info\/resultats_recherche.php?searchTerm=abolgassemi\"><span class=\"s2\"><b><i>voir directement ici<\/i><\/b><\/span><\/a><\/span><\/p>\n<p class=\"p1\" style=\"text-align: center;\">\n<hr \/>\n<p><img fetchpriority=\"high\" decoding=\"async\" data-attachment-id=\"2359\" data-permalink=\"https:\/\/abolgassemi.fr\/index.php\/page-d-exemple\/vignette_annonce_dedicaces\/\" data-orig-file=\"https:\/\/abolgassemi.fr\/wp-content\/uploads\/Vignette_Annonce_dedicaces.jpg\" data-orig-size=\"600,337\" data-comments-opened=\"0\" data-image-meta=\"{&quot;aperture&quot;:&quot;0&quot;,&quot;credit&quot;:&quot;&quot;,&quot;camera&quot;:&quot;&quot;,&quot;caption&quot;:&quot;&quot;,&quot;created_timestamp&quot;:&quot;0&quot;,&quot;copyright&quot;:&quot;&quot;,&quot;focal_length&quot;:&quot;0&quot;,&quot;iso&quot;:&quot;0&quot;,&quot;shutter_speed&quot;:&quot;0&quot;,&quot;title&quot;:&quot;&quot;,&quot;orientation&quot;:&quot;0&quot;}\" data-image-title=\"Vignette_Annonce_dedicaces\" data-image-description=\"\" data-image-caption=\"\" data-medium-file=\"https:\/\/abolgassemi.fr\/wp-content\/uploads\/Vignette_Annonce_dedicaces.jpg\" data-large-file=\"https:\/\/abolgassemi.fr\/wp-content\/uploads\/Vignette_Annonce_dedicaces.jpg\" class=\"alignnone wp-image-2359\" src=\"https:\/\/abolgassemi.fr\/wp-content\/uploads\/Vignette_Annonce_dedicaces-480x280.jpg\" alt=\"\" width=\"380\" height=\"213\" \/><\/p>\n<h5><span class=\"s3\">\u2297 Contribution \u00e0<a href=\"https:\/\/www.belin-editeur.com\/pour-quoi-vous-levez-vous-le-matin\">\u00a0l&rsquo;ouvrage collectif Pour quoi vous levez-vous le matin?<\/a>, Belin, 2022<\/span><\/h5>\n<h5><span class=\"s3\">\u2297 Contribution \u00e0<a href=\"https:\/\/www.belin-editeur.com\/pourquoi-moi\"> l&rsquo;ouvrage collectif <em>Pourquoi moi ?<\/em><\/a>, Belin, 2021<\/span><\/h5>\n<h5><span class=\"s3\">\u2297 <a href=\"https:\/\/www.amazon.fr\/gp\/product\/2340013755\/ref=ox_sc_sfl_title_1?ie=UTF8&amp;psc=1&amp;smid=A1X6FK5RDHNB96\"><em>R\u00e9ussir l&rsquo;entretien aux oraux de concours<\/em><\/a>, Ellipses, 2016<\/span><\/h5>\n<h5><span class=\"s3\">\u2297 <a href=\"http:\/\/www.liberation.fr\/sports\/2015\/07\/06\/sexe-genre-et-match-de-la-coupe-du-monde-feminine-de-football_1344447\"><span class=\"s4\">\u00ab\u00a0Sexe, genre et match de la Coupe du monde f\u00e9minine de football\u00bb<\/span><\/a><\/span><span class=\"s4\">, \u00a0<i>Lib\u00e9ration<\/i> du 7 juillet 2015<\/span><\/h5>\n<h5 class=\"p3\" style=\"text-align: justify;\"><span class=\"s3\">\u2297 <\/span><span class=\"s4\">\u00ab\u00a0\u2018L\u2019objet trouv\u00e9\u2019 et l\u2019h\u00e9ritage surr\u00e9aliste de Strindberg\u00bb, in <a href=\"http:\/\/www.klincksieck.com\/livre\/?GCOI=22520100121000&amp;fa=details\"><i>Etudes Germaniques<\/i> N\u00b04\/2013<\/a>, Klincksieck, 2014<\/span><\/h5>\n<h5 class=\"p3\" style=\"text-align: justify;\"><span class=\"s3\">\u2297 <\/span><span class=\"s4\">\u00ab\u00a0Reconsidering the Place of Strindberg in the Surrealism, in Light of The Objective Chance Encounter\u00a0\u00bb, <a href=\"http:\/\/www.nupress.northwestern.edu\/Title\/tabid\/68\/ISBN\/978-0-8101-2850-7\/Default.aspx\"><i>The International Strindberg : New Critical Essays<\/i><\/a>, Northwestern University Press, 2013<\/span><\/h5>\n<h5 class=\"p3\" style=\"text-align: justify;\"><span class=\"s3\">\u2297<span class=\"Apple-converted-space\">\u00a0 <\/span><\/span><span class=\"s4\">\u00ab\u00a0\u2018Une ville vibre toujours\u2019 : circulation dans le Paris h\u00e9t\u00e9rotopique d\u2019<i>Inferno<\/i>\u00a0\u00bb, in <a href=\"https:\/\/www.unistra.fr\/index.php?id=11831\"><i>Deshima<\/i>, Hors-s\u00e9rie 2, Actes du XVII\u00e8me Colloque International Strindberg, \u00abStrindberg et la ville\u00bb, Strasbourg, 2012<\/a> <\/span><\/h5>\n<h5 class=\"p3\" style=\"text-align: justify;\"><span class=\"s3\">\u2297<span class=\"Apple-converted-space\">\u00a0 <\/span><a href=\"http:\/\/www.lycee-chateaubriand.fr\/cru-atala\/publications\/ATALA14\/atala14Abolgassemi.pdf\" target=\"_blank\" rel=\"noopener noreferrer\"><span class=\"s4\">\u00ab Ce que nous apprend la Culture g\u00e9n\u00e9rale \u00bb<\/span><\/a><\/span><span class=\"s4\">, in <a href=\"http:\/\/www.lycee-chateaubriand.fr\/cru-atala\/fiche.php?publication_id=6#p12\"><i>Atala 14 <\/i><\/a>, mars 2011<\/span><\/h5>\n<h5 class=\"p3\" style=\"text-align: justify;\"><span class=\"s3\">\u2297 <a href=\"http:\/\/www.rue89.com\/2010\/01\/26\/le-succes-des-sites-de-microcredit-fait-plaisir-135285\">\u00ab Le succ\u00e8s des sites de microcr\u00e9dit fait plaisir\u00a0! \u00bb<\/a>, <\/span><span class=\"s4\">sur le site de Rue89, \u00ab\u00a0tribune\u00a0\u00bb, janvier 2010<\/span><\/h5>\n<h5 class=\"p3\" style=\"text-align: justify;\"><span class=\"s3\">\u2297 <\/span><span class=\"s4\">\u00ab\u00a0\u2018Tu toqueras \u00e0 ma porte\u2019, l\u2019\u00e9criture d\u2019invention au lyc\u00e9e : lire \/ \u00e9crire la po\u00e9sie \u00bb, in <i>Acanthe<\/i>, Annales de lettres fran\u00e7aises de <a href=\"http:\/\/www.usj.edu.lb\/\" target=\"_blank\" rel=\"noopener noreferrer\">l\u2019Universit\u00e9 Saint-Joseph de Beyrouth,<\/a> vol 26-27, d\u00e9cembre 2009<\/span><\/h5>\n<h5 class=\"p3\" style=\"text-align: justify;\"><span class=\"s3\">\u2297 <\/span><a href=\"http:\/\/www.cairn.info\/revue-poetique-2009-3-page-299.htm\"><span class=\"s4\">\u00ab\u00a0Hasard objectif et m\u00e9moire involontaire,\u00a0solutions d\u2019un m\u00eame probl\u00e8me\u00a0\u00bb, in revue<span class=\"s3\"> Po\u00e9tique, n\u00b0159<\/span>, septembre 2009<\/span><\/a><\/h5>\n<h5 class=\"p3\" style=\"text-align: justify;\"><span class=\"s3\">\u2297 \u00ab\u00a0En 1979, l&rsquo;Iran s&rsquo;enflammait : les le\u00e7ons d&rsquo;une comparaison\u00a0\u00bb<\/span><span class=\"s4\">, sur le site de Rue89, \u00ab\u00a0d\u00e9cryptage\u00a0\u00bb, juin 2009 <\/span><\/h5>\n<h5 class=\"p3\" style=\"text-align: justify;\"><span class=\"s3\">\u2297 <a href=\"http:\/\/www.fabula.org\/revue\/document4989.php\"><span class=\"s5\">\u201cNerval et les limbes de l\u2019Histoire\u201d<\/span><\/a><\/span><span class=\"s4\">, compte-rendu de l\u2019ouvrage de Keiko Tsujikawa, revue<i> Acta Fabula<\/i>, avril 2009<\/span><\/h5>\n<h5 class=\"p3\" style=\"text-align: justify;\"><span class=\"s3\">\u2297 <a href=\"http:\/\/www.fabula.org\/lht\/sommaire254.html\"><span class=\"s5\">\u00ab La lumi\u00e8re dans la maison de l\u2019oncle (<i>Aur\u00e9lia<\/i>) et le vertige de la microlecture\u00bb<\/span><\/a><\/span><span class=\"s4\">, in \u00ab\u00a0Complications de texte : les microlectures\u00a0\u00bb, <i>Fabula LHT (Litt\u00e9rature, histoire, th\u00e9orie)<\/i>, n\u00b03, septembre 2007<\/span><\/h5>\n<h5 class=\"p3\" style=\"text-align: justify;\"><span class=\"s3\">\u2297 <a href=\"http:\/\/pierre.campion2.free.fr\/abolgassemi_histoire.htm\"><span class=\"s5\">\u00ab La pens\u00e9e contrefactuelle de l\u2019histoire : Corneille, Marx, Chateaubriand \u00bb<\/span><\/a><\/span><span class=\"s4\">, in <i>A la Litt\u00e9rature<\/i> (Pierre Campion), 2007<\/span><\/h5>\n<h5 class=\"p3\" style=\"text-align: justify;\"><span class=\"s3\">\u2297 <a href=\"http:\/\/www.fabula.org\/revue\/document2835.php\"><span class=\"s5\">\u00ab La r\u00e9sistance du r\u00e9el : Cl\u00e9ment Rosset et la photographie\u00bb<\/span><\/a><\/span><span class=\"s4\">, compte-rendu de <i>Fantasmagories <\/i>de Cl\u00e9ment Rosset, revue <i>Acta Fabula<\/i>, (volume 8, num\u00e9ro 2), mars-avril 2007<\/span><\/h5>\n<h5 class=\"p3\" style=\"text-align: justify;\"><span class=\"s3\">\u2297 <\/span><span class=\"s4\">\u00ab La \u2018chimie unitaire\u2019 d&rsquo;un \u00e9crivain. August Strindberg en 1895 \u00bb, in <a href=\"http:\/\/www.lycee-chateaubriand.fr\/cru-atala\/publications\/somm.html\"><span class=\"s5\"><i>Atala<\/i> n\u00a0\u00b010<\/span><\/a>, \u00ab La Science \u00bb, Rennes, 2007<\/span><\/h5>\n<h5 class=\"p3\" style=\"text-align: justify;\"><span class=\"s3\">\u2297 <\/span><span class=\"s4\">\u00ab August Strindberg et Andr\u00e9 Breton \u00e0 la lumi\u00e8re du hasard objectif \u00bb, in <a href=\"http:\/\/www.lagedhomme.com\/boutique\/fiche_produit.cfm?type=46&amp;ref=978-2-8251-3727-7&amp;code_lg=lg_fr&amp;pag=1&amp;num=151\"><span class=\"s5\">M\u00e9lusine, num\u00e9ro XXVII, le Surr\u00e9alisme et la science<\/span><\/a>, Paris, \u00c9ditions l\u2019\u00c2ge<span class=\"Apple-converted-space\">\u00a0 <\/span>d\u2019Homme, 2007<\/span><\/h5>\n<h5 class=\"p3\" style=\"text-align: justify;\"><span class=\"s3\">\u2297 <\/span><span class=\"s4\">\u201cSavoir sortir d\u2019une carri\u00e8re\u201d, sur le coup de t\u00eate de Zidane, <em>Lib\u00e9ration<\/em>, 11 juillet 2006<\/span><\/h5>\n<h5 class=\"p3\" style=\"text-align: justify;\"><span class=\"s3\">\u2297 <\/span><span class=\"s4\">\u00ab Makterna, dubbelg\u00e5ngare och homosexualitet i Legender \u00bb, in <a href=\"http:\/\/www.symposion.se\/books\/nya_06\/gackande.html\"><span class=\"s5\">Det G\u00e4ckande K\u00f6net<\/span><\/a>, Stockholm, Symposium, 2006<\/span><\/h5>\n<h5 class=\"p3\" style=\"text-align: justify;\"><span class=\"s3\">\u2297 <\/span><span class=\"s4\">\u00ab La description exp\u00e9rimentale chez Balzac et Musil \u00bb, in <a href=\"http:\/\/www.amazon.fr\/Po%C3%A9tique-N%C2%B0-145-Collectif\/dp\/2020840294\/ref=sr_1_2?ie=UTF8&amp;s=books&amp;qid=1224972173&amp;sr=1-2\"><span class=\"s5\">revue Po\u00e9tique, n\u00b0 145<\/span><\/a>, f\u00e9vrier 2006<span class=\"Apple-converted-space\">\u00a0 \u00a0<\/span><\/span><\/h5>\n<h5 class=\"p4\" style=\"text-align: justify;\"><span class=\"s3\">\u2297 <\/span><span class=\"s4\">\u201cLe d\u00e9sarroi des lyc\u00e9ens m\u00e9pris\u00e9s\u201d, <em>Lib\u00e9ration<\/em>, 31 mars 2005<\/span><\/h5>\n<h5 class=\"p3\" style=\"text-align: justify;\"><span class=\"s3\">\u2297 <a href=\"http:\/\/pierre.campion2.free.fr\/abolgassemi_bonheur.htm\"><span class=\"s5\">\u00ab le destin et la recherche du bonheur \u00bb<\/span><\/a><\/span><span class=\"s4\">, in <em>A la Litt\u00e9rature<\/em> (Pierre Campion), 2005<\/span><\/h5>\n<h5 class=\"p3\" style=\"text-align: justify;\"><span class=\"s3\">\u2297 <a href=\"http:\/\/pierre.campion2.free.fr\/abolgassemi_mesure.htm\"><span class=\"s5\">\u00ab Continence et temp\u00e9rance \u00bb<\/span><\/a><\/span><span class=\"s4\">, in <em>A la Litt\u00e9rature<\/em> (Pierre Campion), 2004<\/span><\/h5>\n<h5 class=\"p3\" style=\"text-align: justify;\"><span class=\"s3\">\u2297 <\/span><span class=\"s4\">\u00ab La contrefiction dans Jacques le Fataliste \u00bb, in <a href=\"http:\/\/www.amazon.fr\/Po%C3%A9tique-num%C3%A9ro-134-Collectif\/dp\/2020573458\/ref=sr_1_1?ie=UTF8&amp;s=books&amp;qid=1224972137&amp;sr=8-1\"><span class=\"s5\">revue Po\u00e9tique, n\u00b0134<\/span><\/a>, avril 2003<\/span><\/h5>\n<h5 class=\"p4\" style=\"text-align: justify;\"><span class=\"s3\">\u2297 <a href=\"http:\/\/www.fabula.org\/atelier.php?Parodie_et_modernit%26eacute%3B%3A_pour_une_lecture_contextuelle_du_texte_parodique\"><span class=\"s5\">\u201cParodie et modernit\u00e9: pour une lecture contextuelle du texte parodique\u201d<\/span><\/a><\/span><span class=\"s4\">, <a href=\"http:\/\/www.fabula.org\/atelier.php?Parodie_et_pastiche%3A_un_brouillage_persistant\"><span class=\"s5\">\u201cParodie et pastiche, un brouillage persistant\u201d<\/span><\/a>, <a href=\"http:\/\/www.fabula.org\/atelier.php?Vis%26eacute%3Bes_parodiques\"><span class=\"s5\">\u201cVis\u00e9es parodiques\u201d<\/span><\/a>, <a href=\"http:\/\/www.fabula.org\/atelier.php?Pratiques_hypertextuelles\"><span class=\"s5\">\u201cPratiques hypertextuelles\u201d<\/span><\/a>, Atelier<em> Fabula<\/em>, 2002<\/span><\/h5>\n<h5 class=\"p3\" style=\"text-align: justify;\"><span class=\"s3\">\u2297 <a href=\"http:\/\/www.amazon.fr\/L%C3%A9criture-dinvention-%C3%A9crire-Lettres-ouvertes\/dp\/2866343549\">L\u2019\u00e9criture d\u2019invention : \u00e9crire pour lire, lire pour \u00e9crire<\/a><\/span><span class=\"s4\">, CRDP de Bretagne, 2001<\/span><\/h5>\n<hr \/>\n<div id=\"kad-wp-gallery77\" class=\"kad-wp-gallery kad-light-wp-gallery clearfix kt-gallery-column-3 rowtight\"><div class=\"tcol-lg-4 tcol-md-4 tcol-sm-4 tcol-xs-6 tcol-ss-12 g_item\"><div class=\"grid_item kad_gallery_fade_in gallery_item\"><a href=\"https:\/\/abolgassemi.fr\/wp-content\/uploads\/22520100121000L.jpg\" data-rel=\"lightbox\" class=\"lightboxhover\"><img decoding=\"async\" src=\"https:\/\/abolgassemi.fr\/wp-content\/uploads\/22520100121000L.jpg\" width=\"366\" height=\"562\" alt=\"\"  class=\"light-dropshaddow\"\/><\/a><\/div><\/div><div class=\"tcol-lg-4 tcol-md-4 tcol-sm-4 tcol-xs-6 tcol-ss-12 g_item\"><div class=\"grid_item kad_gallery_fade_in gallery_item\"><a href=\"https:\/\/abolgassemi.fr\/wp-content\/uploads\/copamj.asp_.jpeg\" data-rel=\"lightbox\" class=\"lightboxhover\"><img decoding=\"async\" src=\"https:\/\/abolgassemi.fr\/wp-content\/uploads\/copamj.asp_.jpeg\" width=\"200\" height=\"303\" alt=\"\"  class=\"light-dropshaddow\"\/><\/a><\/div><\/div><div class=\"tcol-lg-4 tcol-md-4 tcol-sm-4 tcol-xs-6 tcol-ss-12 g_item\"><div class=\"grid_item kad_gallery_fade_in gallery_item\"><a href=\"https:\/\/abolgassemi.fr\/wp-content\/uploads\/44147.jpg\" data-rel=\"lightbox\" class=\"lightboxhover\"><img loading=\"lazy\" decoding=\"async\" src=\"https:\/\/abolgassemi.fr\/wp-content\/uploads\/44147.jpg\" width=\"227\" height=\"349\" alt=\"\"  class=\"light-dropshaddow\"\/><\/a><\/div><\/div><div class=\"tcol-lg-4 tcol-md-4 tcol-sm-4 tcol-xs-6 tcol-ss-12 g_item\"><div class=\"grid_item kad_gallery_fade_in gallery_item\"><a href=\"https:\/\/abolgassemi.fr\/wp-content\/uploads\/DESHIMA_HS2_02.jpg\" data-rel=\"lightbox\" class=\"lightboxhover\"><img loading=\"lazy\" decoding=\"async\" src=\"https:\/\/abolgassemi.fr\/wp-content\/uploads\/DESHIMA_HS2_02.jpg\" width=\"198\" height=\"280\" alt=\"\"  class=\"light-dropshaddow\"\/><\/a><\/div><\/div><div class=\"tcol-lg-4 tcol-md-4 tcol-sm-4 tcol-xs-6 tcol-ss-12 g_item\"><div class=\"grid_item kad_gallery_fade_in gallery_item\"><a href=\"https:\/\/abolgassemi.fr\/wp-content\/uploads\/9782825137277FS.gif\" data-rel=\"lightbox\" class=\"lightboxhover\"><img loading=\"lazy\" decoding=\"async\" src=\"https:\/\/abolgassemi.fr\/wp-content\/uploads\/9782825137277FS.gif\" width=\"338\" height=\"500\" alt=\"\"  class=\"light-dropshaddow\"\/><\/a><\/div><\/div><div class=\"tcol-lg-4 tcol-md-4 tcol-sm-4 tcol-xs-6 tcol-ss-12 g_item\"><div class=\"grid_item kad_gallery_fade_in gallery_item\"><a href=\"https:\/\/abolgassemi.fr\/wp-content\/uploads\/61bzM9gUMxL.jpg\" data-rel=\"lightbox\" class=\"lightboxhover\"><img loading=\"lazy\" decoding=\"async\" src=\"https:\/\/abolgassemi.fr\/wp-content\/uploads\/61bzM9gUMxL-400x400.jpg\" width=\"400\" height=\"400\" alt=\"\" srcset=\"https:\/\/abolgassemi.fr\/wp-content\/uploads\/61bzM9gUMxL-400x400.jpg 400w, https:\/\/abolgassemi.fr\/wp-content\/uploads\/61bzM9gUMxL-800x800.jpg 800w\" sizes=\"(max-width: 400px) 100vw, 400px\" class=\"light-dropshaddow\"\/><\/a><\/div><\/div><div class=\"tcol-lg-4 tcol-md-4 tcol-sm-4 tcol-xs-6 tcol-ss-12 g_item\"><div class=\"grid_item kad_gallery_fade_in gallery_item\"><a href=\"https:\/\/abolgassemi.fr\/wp-content\/uploads\/gackande.gif\" data-rel=\"lightbox\" class=\"lightboxhover\"><img loading=\"lazy\" decoding=\"async\" src=\"https:\/\/abolgassemi.fr\/wp-content\/uploads\/gackande.gif\" width=\"160\" height=\"233\" alt=\"\"  class=\"light-dropshaddow\"\/><\/a><\/div><\/div><div class=\"tcol-lg-4 tcol-md-4 tcol-sm-4 tcol-xs-6 tcol-ss-12 g_item\"><div class=\"grid_item kad_gallery_fade_in gallery_item\"><a href=\"https:\/\/abolgassemi.fr\/wp-content\/uploads\/9782020840293.jpg\" data-rel=\"lightbox\" class=\"lightboxhover\"><img loading=\"lazy\" decoding=\"async\" src=\"https:\/\/abolgassemi.fr\/wp-content\/uploads\/9782020840293.jpg\" width=\"360\" height=\"550\" alt=\"\"  class=\"light-dropshaddow\"\/><\/a><\/div><\/div><div class=\"tcol-lg-4 tcol-md-4 tcol-sm-4 tcol-xs-6 tcol-ss-12 g_item\"><div class=\"grid_item kad_gallery_fade_in gallery_item\"><a href=\"https:\/\/abolgassemi.fr\/wp-content\/uploads\/te\u0301le\u0301chargement-1.jpeg\" data-rel=\"lightbox\" class=\"lightboxhover\"><img loading=\"lazy\" decoding=\"async\" src=\"https:\/\/abolgassemi.fr\/wp-content\/uploads\/te\u0301le\u0301chargement-1.jpeg\" width=\"184\" height=\"274\" alt=\"\"  class=\"light-dropshaddow\"\/><\/a><\/div><\/div><div class=\"tcol-lg-4 tcol-md-4 tcol-sm-4 tcol-xs-6 tcol-ss-12 g_item\"><div class=\"grid_item kad_gallery_fade_in gallery_item\"><a href=\"https:\/\/abolgassemi.fr\/wp-content\/uploads\/9782020573450.jpg\" data-rel=\"lightbox\" class=\"lightboxhover\"><img loading=\"lazy\" decoding=\"async\" src=\"https:\/\/abolgassemi.fr\/wp-content\/uploads\/9782020573450.jpg\" width=\"370\" height=\"550\" alt=\"\"  class=\"light-dropshaddow\"\/><\/a><\/div><\/div><\/div>\n<hr \/>\n","protected":false},"excerpt":{"rendered":"<p>Pour ce qui est disponible en ligne sur le site CAIRN, voir directement ici \u2297 Contribution \u00e0\u00a0l&rsquo;ouvrage collectif Pour quoi vous levez-vous le matin?, Belin, 2022 \u2297 Contribution \u00e0 l&rsquo;ouvrage collectif Pourquoi moi ?, Belin, 2021 \u2297 R\u00e9ussir l&rsquo;entretien aux &hellip; <a href=\"https:\/\/abolgassemi.fr\/index.php\/page-d-exemple\/\">Lire la suite\u00ad\u00ad<\/a><\/p>\n","protected":false},"author":1,"featured_media":0,"parent":0,"menu_order":2,"comment_status":"closed","ping_status":"open","template":"","meta":{"kt_blocks_editor_width":"","_monsterinsights_skip_tracking":false,"_monsterinsights_sitenote_active":false,"_monsterinsights_sitenote_note":"","_monsterinsights_sitenote_category":0,"footnotes":""},"class_list":["post-2","page","type-page","status-publish","hentry"],"jetpack_sharing_enabled":true,"jetpack_shortlink":"https:\/\/wp.me\/P6ytyI-2","_links":{"self":[{"href":"https:\/\/abolgassemi.fr\/index.php\/wp-json\/wp\/v2\/pages\/2","targetHints":{"allow":["GET"]}}],"collection":[{"href":"https:\/\/abolgassemi.fr\/index.php\/wp-json\/wp\/v2\/pages"}],"about":[{"href":"https:\/\/abolgassemi.fr\/index.php\/wp-json\/wp\/v2\/types\/page"}],"author":[{"embeddable":true,"href":"https:\/\/abolgassemi.fr\/index.php\/wp-json\/wp\/v2\/users\/1"}],"replies":[{"embeddable":true,"href":"https:\/\/abolgassemi.fr\/index.php\/wp-json\/wp\/v2\/comments?post=2"}],"version-history":[{"count":38,"href":"https:\/\/abolgassemi.fr\/index.php\/wp-json\/wp\/v2\/pages\/2\/revisions"}],"predecessor-version":[{"id":2492,"href":"https:\/\/abolgassemi.fr\/index.php\/wp-json\/wp\/v2\/pages\/2\/revisions\/2492"}],"wp:attachment":[{"href":"https:\/\/abolgassemi.fr\/index.php\/wp-json\/wp\/v2\/media?parent=2"}],"curies":[{"name":"wp","href":"https:\/\/api.w.org\/{rel}","templated":true}]}}