{"id":1032,"date":"2017-04-22T17:06:24","date_gmt":"2017-04-22T15:06:24","guid":{"rendered":"http:\/\/abolgassemi.fr\/?page_id=1032"},"modified":"2023-05-18T11:44:35","modified_gmt":"2023-05-18T09:44:35","slug":"avec-les-etudiants","status":"publish","type":"page","link":"https:\/\/abolgassemi.fr\/index.php\/avec-les-etudiants\/","title":{"rendered":"avec les \u00e9tudiants"},"content":{"rendered":"\n<figure class=\"wp-block-embed is-type-video is-provider-youtube wp-block-embed-youtube wp-embed-aspect-16-9 wp-has-aspect-ratio\"><div class=\"wp-block-embed__wrapper\">\n<span class=\"embed-youtube\" style=\"text-align:center; display: block;\"><iframe class=\"youtube-player\" width=\"1140\" height=\"642\" src=\"https:\/\/www.youtube.com\/embed\/DaatMdMbDxs?version=3&#038;rel=1&#038;showsearch=0&#038;showinfo=1&#038;iv_load_policy=1&#038;fs=1&#038;hl=fr-FR&#038;autohide=2&#038;wmode=transparent\" allowfullscreen=\"true\" style=\"border:0;\" sandbox=\"allow-scripts allow-same-origin allow-popups allow-presentation allow-popups-to-escape-sandbox\"><\/iframe><\/span>\n<\/div><\/figure>\n\n\n\n<h2 class=\"wp-block-heading\">Projet AIR avec les CPGE, Hubert Reeves,  Cynthia Fleury et Yvon Inizan (mars 2019)<\/h2>\n\n\n<p><a href=\"https:\/\/fr.linkedin.com\/pulse\/10-ans-de-m\u00e9moires-en-ec-\u00e0-chat\u00f4-maxime-abolgassemi\" target=\"_blank\" rel=\"noopener noreferrer\"><img fetchpriority=\"high\" decoding=\"async\" data-attachment-id=\"629\" data-permalink=\"https:\/\/abolgassemi.fr\/afgh\/\" data-orig-file=\"https:\/\/abolgassemi.fr\/wp-content\/uploads\/Afgh.jpg\" data-orig-size=\"1024,880\" data-comments-opened=\"0\" data-image-meta=\"{&quot;aperture&quot;:&quot;0&quot;,&quot;credit&quot;:&quot;&quot;,&quot;camera&quot;:&quot;&quot;,&quot;caption&quot;:&quot;&quot;,&quot;created_timestamp&quot;:&quot;0&quot;,&quot;copyright&quot;:&quot;&quot;,&quot;focal_length&quot;:&quot;0&quot;,&quot;iso&quot;:&quot;0&quot;,&quot;shutter_speed&quot;:&quot;0&quot;,&quot;title&quot;:&quot;&quot;,&quot;orientation&quot;:&quot;1&quot;}\" data-image-title=\"Afgh\" data-image-description=\"\" data-image-caption=\"\" data-medium-file=\"https:\/\/abolgassemi.fr\/wp-content\/uploads\/Afgh-632x543.jpg\" data-large-file=\"https:\/\/abolgassemi.fr\/wp-content\/uploads\/Afgh-1020x877.jpg\" class=\"alignnone wp-image-629 \" src=\"https:\/\/abolgassemi.fr\/wp-content\/uploads\/Afgh-632x543.jpg\" alt=\"\" width=\"419\" height=\"360\" srcset=\"https:\/\/abolgassemi.fr\/wp-content\/uploads\/Afgh-632x543.jpg 632w, https:\/\/abolgassemi.fr\/wp-content\/uploads\/Afgh-1020x877.jpg 1020w, https:\/\/abolgassemi.fr\/wp-content\/uploads\/Afgh.jpg 1024w\" sizes=\"(max-width: 419px) 100vw, 419px\" \/><\/a><\/p>\n<h2><a href=\"https:\/\/fr.linkedin.com\/pulse\/10-ans-de-m\u00e9moires-en-ec-\u00e0-chat\u00f4-maxime-abolgassemi\">M\u00e9moires d&rsquo;\u00e9tudiants (2008\/2018)<\/a><\/h2>\n<p><a href=\"https:\/\/abolgassemi.fr\/index.php\/atelier-de-culture-generale-hec\/\" target=\"_blank\" rel=\"noopener noreferrer\"><img decoding=\"async\" data-attachment-id=\"634\" data-permalink=\"https:\/\/abolgassemi.fr\/index.php\/atelier-de-culture-generale-hec\/atelier-csh\/\" data-orig-file=\"https:\/\/abolgassemi.fr\/wp-content\/uploads\/Atelier-CSH.jpg\" data-orig-size=\"1058,856\" data-comments-opened=\"0\" data-image-meta=\"{&quot;aperture&quot;:&quot;0&quot;,&quot;credit&quot;:&quot;&quot;,&quot;camera&quot;:&quot;&quot;,&quot;caption&quot;:&quot;&quot;,&quot;created_timestamp&quot;:&quot;0&quot;,&quot;copyright&quot;:&quot;&quot;,&quot;focal_length&quot;:&quot;0&quot;,&quot;iso&quot;:&quot;0&quot;,&quot;shutter_speed&quot;:&quot;0&quot;,&quot;title&quot;:&quot;&quot;,&quot;orientation&quot;:&quot;1&quot;}\" data-image-title=\"Atelier CSH\" data-image-description=\"\" data-image-caption=\"\" data-medium-file=\"https:\/\/abolgassemi.fr\/wp-content\/uploads\/Atelier-CSH-632x511.jpg\" data-large-file=\"https:\/\/abolgassemi.fr\/wp-content\/uploads\/Atelier-CSH-1020x825.jpg\" class=\"alignnone wp-image-634\" src=\"https:\/\/abolgassemi.fr\/wp-content\/uploads\/Atelier-CSH-632x511.jpg\" alt=\"\" width=\"422\" height=\"341\" srcset=\"https:\/\/abolgassemi.fr\/wp-content\/uploads\/Atelier-CSH-632x511.jpg 632w, https:\/\/abolgassemi.fr\/wp-content\/uploads\/Atelier-CSH-1020x825.jpg 1020w, https:\/\/abolgassemi.fr\/wp-content\/uploads\/Atelier-CSH.jpg 1058w\" sizes=\"(max-width: 422px) 100vw, 422px\" \/><\/a><\/p>\n<h2><a href=\"https:\/\/abolgassemi.fr\/index.php\/atelier-de-culture-generale-hec\/\" target=\"_blank\" rel=\"noopener noreferrer\">Atelier de culture g\u00e9n\u00e9rale \u00e0 HEC<\/a><\/h2>","protected":false},"excerpt":{"rendered":"<p>Projet AIR avec les CPGE, Hubert Reeves, Cynthia Fleury et Yvon Inizan (mars 2019) M\u00e9moires d&rsquo;\u00e9tudiants (2008\/2018) Atelier de culture g\u00e9n\u00e9rale \u00e0 HEC<\/p>\n","protected":false},"author":1,"featured_media":0,"parent":0,"menu_order":0,"comment_status":"closed","ping_status":"closed","template":"","meta":{"kt_blocks_editor_width":"","_monsterinsights_skip_tracking":false,"_monsterinsights_sitenote_active":false,"_monsterinsights_sitenote_note":"","_monsterinsights_sitenote_category":0,"footnotes":""},"class_list":["post-1032","page","type-page","status-publish","hentry"],"jetpack_sharing_enabled":true,"jetpack_shortlink":"https:\/\/wp.me\/P6ytyI-gE","_links":{"self":[{"href":"https:\/\/abolgassemi.fr\/index.php\/wp-json\/wp\/v2\/pages\/1032","targetHints":{"allow":["GET"]}}],"collection":[{"href":"https:\/\/abolgassemi.fr\/index.php\/wp-json\/wp\/v2\/pages"}],"about":[{"href":"https:\/\/abolgassemi.fr\/index.php\/wp-json\/wp\/v2\/types\/page"}],"author":[{"embeddable":true,"href":"https:\/\/abolgassemi.fr\/index.php\/wp-json\/wp\/v2\/users\/1"}],"replies":[{"embeddable":true,"href":"https:\/\/abolgassemi.fr\/index.php\/wp-json\/wp\/v2\/comments?post=1032"}],"version-history":[{"count":10,"href":"https:\/\/abolgassemi.fr\/index.php\/wp-json\/wp\/v2\/pages\/1032\/revisions"}],"predecessor-version":[{"id":2905,"href":"https:\/\/abolgassemi.fr\/index.php\/wp-json\/wp\/v2\/pages\/1032\/revisions\/2905"}],"wp:attachment":[{"href":"https:\/\/abolgassemi.fr\/index.php\/wp-json\/wp\/v2\/media?parent=1032"}],"curies":[{"name":"wp","href":"https:\/\/api.w.org\/{rel}","templated":true}]}}